{"id":1810,"date":"2021-05-05T08:56:08","date_gmt":"2021-05-05T08:56:08","guid":{"rendered":"https:\/\/piera.residenciaslatorreta.com\/instalaciones\/"},"modified":"2024-03-19T11:25:09","modified_gmt":"2024-03-19T11:25:09","slug":"instalacions","status":"publish","type":"page","link":"https:\/\/piera.residenciaslatorreta.com\/ca\/instalacions\/","title":{"rendered":"Instal\u00b7lacions"},"content":{"rendered":"<div class=\"wpb-content-wrapper\"><p>[vc_row css_animation=&#8221;element_from_bottom&#8221; row_type=&#8221;row&#8221; use_row_as_full_screen_section=&#8221;no&#8221; type=&#8221;grid&#8221; angled_section=&#8221;no&#8221; text_align=&#8221;left&#8221; background_image_as_pattern=&#8221;without_pattern&#8221; z_index=&#8221;&#8221; css=&#8221;.vc_custom_1633510242366{background-color: #58595b !important;}&#8221;][vc_column][vc_empty_space height=&#8221;50&#8243;][vc_column_text]<\/p>\n<h1 style=\"text-align: center;\"><span style=\"color: #ffffff;\">Instal\u00b7lacions<\/span><\/h1>\n<p>[\/vc_column_text][vc_empty_space height=&#8221;50px&#8221;][\/vc_column][\/vc_row][vc_row css_animation=&#8221;&#8221; row_type=&#8221;row&#8221; use_row_as_full_screen_section=&#8221;no&#8221; type=&#8221;full_width&#8221; angled_section=&#8221;no&#8221; text_align=&#8221;left&#8221; background_image_as_pattern=&#8221;without_pattern&#8221;][vc_column][vc_empty_space height=&#8221;50&#8243;][\/vc_column][\/vc_row][vc_row css_animation=&#8221;&#8221; row_type=&#8221;row&#8221; use_row_as_full_screen_section=&#8221;no&#8221; type=&#8221;grid&#8221; angled_section=&#8221;no&#8221; text_align=&#8221;left&#8221; background_image_as_pattern=&#8221;without_pattern&#8221; z_index=&#8221;&#8221;][vc_column width=&#8221;1\/2&#8243;][vc_single_image image=&#8221;1975&#8243; img_size=&#8221;530&#215;290&#8243; qode_css_animation=&#8221;&#8221; qode_hover_animation=&#8221;bottom_title&#8221;][vc_empty_space height=&#8221;10px&#8221;][vc_single_image image=&#8221;1977&#8243; img_size=&#8221;530&#215;290&#8243; qode_css_animation=&#8221;&#8221; qode_hover_animation=&#8221;bottom_title&#8221;][vc_empty_space height=&#8221;10px&#8221;][\/vc_column][vc_column width=&#8221;1\/2&#8243;][vc_single_image image=&#8221;1979&#8243; img_size=&#8221;530X590&#8243; qode_css_animation=&#8221;&#8221; qode_hover_animation=&#8221;bottom_title&#8221;][vc_empty_space height=&#8221;10px&#8221;][\/vc_column][\/vc_row][vc_row css_animation=&#8221;&#8221; row_type=&#8221;row&#8221; use_row_as_full_screen_section=&#8221;no&#8221; type=&#8221;full_width&#8221; angled_section=&#8221;no&#8221; text_align=&#8221;left&#8221; background_image_as_pattern=&#8221;without_pattern&#8221;][vc_column][vc_empty_space height=&#8221;50&#8243;][\/vc_column][\/vc_row][vc_row css_animation=&#8221;&#8221; row_type=&#8221;row&#8221; use_row_as_full_screen_section=&#8221;no&#8221; type=&#8221;full_width&#8221; angled_section=&#8221;no&#8221; text_align=&#8221;left&#8221; background_image_as_pattern=&#8221;without_pattern&#8221; css=&#8221;.vc_custom_1633520236934{background-color: #006799 !important;}&#8221; z_index=&#8221;&#8221;][vc_column][vc_empty_space height=&#8221;60px&#8221;][vc_column_text css=&#8221;.vc_custom_1658146578337{padding-right: 50px !important;padding-left: 50px !important;}&#8221;]<\/p>\n<h5><span style=\"color: #ffffff;\">&#8220;UN EDIFICI TRADICIONAL I ADAPTAT A LES NECESSITATS DELS NOSTRES USUARIS I FAM\u00cdLIES \u00c9S SIN\u00d2NIM DE <strong>TRANQUIL\u00b7LITAT<\/strong> I <strong>CONFIAN\u00c7A<\/strong> EN EL SERVEI QUE PRESTEM. LA SUMA DE NATURA, TREBALL BEN FET I TRANSPAR\u00c8NCIA DE LA GESTI\u00d3, SON EL RESULTAT D&#8217;UNA VOCACI\u00d3 DE M\u00c9S DE 20 ANYS&#8221;.<\/span><\/h5>\n<p>[\/vc_column_text][vc_empty_space height=&#8221;60px&#8221;][\/vc_column][\/vc_row][vc_row css_animation=&#8221;&#8221; row_type=&#8221;row&#8221; use_row_as_full_screen_section=&#8221;no&#8221; type=&#8221;full_width&#8221; angled_section=&#8221;no&#8221; text_align=&#8221;left&#8221; background_image_as_pattern=&#8221;without_pattern&#8221;][vc_column][vc_empty_space height=&#8221;50&#8243;][\/vc_column][\/vc_row][vc_row css_animation=&#8221;&#8221; row_type=&#8221;row&#8221; use_row_as_full_screen_section=&#8221;no&#8221; type=&#8221;grid&#8221; angled_section=&#8221;no&#8221; text_align=&#8221;center&#8221; background_image_as_pattern=&#8221;without_pattern&#8221; z_index=&#8221;&#8221;][vc_column][vc_column_text]<\/p>\n<p style=\"text-align: center;\"><span style=\"color: #333333;\">L&#8217;edifici residencial de <span style=\"color: #006799;\"><strong>La Torreta<\/strong><\/span> <strong><span style=\"color: #2f7519;\"><span style=\"color: #8fd179;\">de Piera<\/span><\/span><\/strong> <span class=\"hiddenGrammarError\">compta<\/span>\u00a0amb unes instal\u00b7lacions de 2.400 m\u00b2, dividit en quatre plantes i, envoltades de zones enjardinades pensades per a la tranquil\u00b7litat, benestar i seguretat de les persones usu\u00e0ries.<\/span><\/p>\n<p>&nbsp;<\/p>\n<p><span style=\"color: #333333;\">A la planta principal d&#8217;acc\u00e9s a les instal\u00b7lacions es localitza la recepci\u00f3, despatxos dels professionals, zones de visites, salons comuns, algunes habitacions, aix\u00ed com a eixida als jardins de m\u00e9s de 3.000 m\u00b2.<\/span><\/p>\n<p>&nbsp;<\/p>\n<p><span style=\"color: #333333;\">A la resta de plantes trobem les habitacions i sales comunes per relaxar-se, aix\u00ed els nostres usuaris reben una atenci\u00f3 m\u00e9s personalitzada (centrada en la persona), adaptades a les seves necessitats i, on plantegem l&#8217;atenci\u00f3 des del coneixement de la persona, de la seva hist\u00f2ria de vida i dels seus gustos i prefer\u00e8ncies.<\/span>[\/vc_column_text][\/vc_column][\/vc_row][vc_row css_animation=&#8221;&#8221; row_type=&#8221;row&#8221; use_row_as_full_screen_section=&#8221;no&#8221; type=&#8221;full_width&#8221; angled_section=&#8221;no&#8221; text_align=&#8221;left&#8221; background_image_as_pattern=&#8221;without_pattern&#8221;][vc_column][vc_empty_space height=&#8221;50&#8243;][\/vc_column][\/vc_row][vc_row css_animation=&#8221;element_from_bottom&#8221; row_type=&#8221;row&#8221; use_row_as_full_screen_section=&#8221;no&#8221; type=&#8221;grid&#8221; angled_section=&#8221;no&#8221; text_align=&#8221;center&#8221; background_image_as_pattern=&#8221;without_pattern&#8221; z_index=&#8221;&#8221; css=&#8221;.vc_custom_1633084735819{background-color: #58595b !important;}&#8221;][vc_column][vc_empty_space height=&#8221;60px&#8221;][vc_hoverbox image=&#8221;1970&#8243; primary_title=&#8221;Exteriors&#8221; primary_title_font_container=&#8221;color:%23000000&#8243; hover_title=&#8221;&#8221; shape=&#8221;square&#8221; hover_background_color=&#8221;custom&#8221; el_width=&#8221;80&#8243; hover_custom_background=&#8221;#ffffff&#8221;]<span style=\"color: #333333;\">El nostre Jard\u00ed s&#8217;ha dissenyat amb la idea de generar un espai amable i ampli, que convidi al moviment i exercici dels residents i els visitants de la resid\u00e8ncia.<\/span><\/p>\n<p><span style=\"color: #333333;\">Amb arbres fruiters i zones per seure, \u00e9s la zona preferida dels nostres grans a la primavera i tardor. \u00c9s un verdader luxe\u00a0gaudir de l&#8217;entorn privilegiat que posem a la vostra disposici\u00f3 i al de les vostres fam\u00edlies.<\/span>[\/vc_hoverbox][vc_empty_space height=&#8221;60px&#8221;][\/vc_column][\/vc_row][vc_row css_animation=&#8221;element_from_bottom&#8221; row_type=&#8221;row&#8221; use_row_as_full_screen_section=&#8221;no&#8221; type=&#8221;grid&#8221; angled_section=&#8221;no&#8221; text_align=&#8221;center&#8221; background_image_as_pattern=&#8221;without_pattern&#8221; z_index=&#8221;&#8221; css=&#8221;.vc_custom_1633084743841{background-color: #58595b !important;}&#8221;][vc_column width=&#8221;1\/3&#8243;][vc_empty_space height=&#8221;60px&#8221;][vc_single_image image=&#8221;2243&#8243; img_size=&#8221;333&#215;333&#8243; alignment=&#8221;center&#8221; qode_css_animation=&#8221;&#8221; qode_hover_animation=&#8221;zoom_in&#8221;][vc_empty_space height=&#8221;60px&#8221;][\/vc_column][vc_column width=&#8221;1\/3&#8243;][vc_empty_space height=&#8221;60px&#8221;][vc_single_image image=&#8221;1873&#8243; img_size=&#8221;333&#215;333&#8243; alignment=&#8221;center&#8221; onclick=&#8221;link_image&#8221; qode_css_animation=&#8221;&#8221; qode_hover_animation=&#8221;zoom_in&#8221;][vc_empty_space height=&#8221;60px&#8221;][\/vc_column][vc_column width=&#8221;1\/3&#8243;][vc_empty_space height=&#8221;60px&#8221;][vc_single_image image=&#8221;1872&#8243; img_size=&#8221;333&#215;333&#8243; alignment=&#8221;center&#8221; qode_css_animation=&#8221;&#8221; qode_hover_animation=&#8221;zoom_in&#8221;][vc_empty_space height=&#8221;60px&#8221;][\/vc_column][\/vc_row][vc_row css_animation=&#8221;element_from_bottom&#8221; row_type=&#8221;row&#8221; use_row_as_full_screen_section=&#8221;no&#8221; type=&#8221;grid&#8221; angled_section=&#8221;no&#8221; text_align=&#8221;center&#8221; background_image_as_pattern=&#8221;without_pattern&#8221; z_index=&#8221;&#8221; css=&#8221;.vc_custom_1633084756925{background-color: #58595b !important;}&#8221;][vc_column][vc_empty_space height=&#8221;60px&#8221;][vc_hoverbox image=&#8221;1968&#8243; primary_title=&#8221;Habitacions&#8221; primary_title_font_container=&#8221;color:%23000000&#8243; hover_title=&#8221;&#8221; shape=&#8221;square&#8221; hover_background_color=&#8221;custom&#8221; el_width=&#8221;80&#8243; hover_custom_background=&#8221;#ffffff&#8221;]<span style=\"color: #333333;\">Hem dissenyat les habitacions vetllant per la comoditat, tranquil\u00b7litat i privadesa de l&#8217;usuari. A m\u00e9s, disposem d&#8217;habitacions individuals i sectoritzades per a\u00efllar\u00a0<span class=\"hiddenGrammarError\">pacients Covid<\/span>. El benestar i la seguretat dels nostres majors \u00e9s el nostre m\u00e0xim objectiu.<\/span>[\/vc_hoverbox][vc_empty_space height=&#8221;60px&#8221;][\/vc_column][\/vc_row][vc_row css_animation=&#8221;element_from_bottom&#8221; row_type=&#8221;row&#8221; use_row_as_full_screen_section=&#8221;no&#8221; type=&#8221;grid&#8221; angled_section=&#8221;no&#8221; text_align=&#8221;center&#8221; background_image_as_pattern=&#8221;without_pattern&#8221; z_index=&#8221;&#8221; css=&#8221;.vc_custom_1633084773889{background-color: #58595b !important;}&#8221;][vc_column width=&#8221;1\/3&#8243;][vc_empty_space height=&#8221;60px&#8221;][vc_single_image image=&#8221;1876&#8243; img_size=&#8221;333&#215;333&#8243; alignment=&#8221;center&#8221; qode_css_animation=&#8221;&#8221; qode_hover_animation=&#8221;zoom_in&#8221;][vc_empty_space height=&#8221;60px&#8221;][\/vc_column][vc_column width=&#8221;1\/3&#8243;][vc_empty_space height=&#8221;60px&#8221;][vc_single_image image=&#8221;1965&#8243; img_size=&#8221;333&#215;333&#8243; alignment=&#8221;center&#8221; qode_css_animation=&#8221;&#8221; qode_hover_animation=&#8221;zoom_in&#8221;][vc_empty_space height=&#8221;60px&#8221;][\/vc_column][vc_column width=&#8221;1\/3&#8243;][vc_empty_space height=&#8221;60px&#8221;][vc_single_image image=&#8221;1967&#8243; img_size=&#8221;333&#215;333&#8243; alignment=&#8221;center&#8221; qode_css_animation=&#8221;&#8221; qode_hover_animation=&#8221;zoom_in&#8221;][vc_empty_space height=&#8221;60px&#8221;][\/vc_column][\/vc_row][vc_row css_animation=&#8221;element_from_bottom&#8221; row_type=&#8221;row&#8221; use_row_as_full_screen_section=&#8221;no&#8221; type=&#8221;grid&#8221; angled_section=&#8221;no&#8221; text_align=&#8221;center&#8221; background_image_as_pattern=&#8221;without_pattern&#8221; z_index=&#8221;&#8221; css=&#8221;.vc_custom_1633084783497{background-color: #58595b !important;}&#8221;][vc_column][vc_empty_space height=&#8221;60px&#8221;][vc_hoverbox image=&#8221;1964&#8243; primary_title=&#8221;Cuina&#8221; primary_title_font_container=&#8221;color:%23000000&#8243; hover_title=&#8221;&#8221; shape=&#8221;square&#8221; hover_background_color=&#8221;custom&#8221; el_width=&#8221;80&#8243; hover_custom_background=&#8221;#ffffff&#8221;]<span style=\"color: #333333;\">Una cuina dissenyada per adaptar men\u00fas a les necessitats dels nostres usuaris. Comptem amb els millors productes, les millors mans i, sobretot, amb la tecnologia dels <strong>PLATS TRITURATS\u00a0<span class=\"hiddenSpellError\">PREFORMATS<\/span><\/strong>\u00a0que fa possible oferir receptes tradicionals a aquells residents amb necessitats especials de masticaci\u00f3\u00a0<span class=\"hiddenGreenError\" style=\"padding-bottom: 2px; background-image: url('..\/..\/..\/..\/..\/images\/squiggle_green.png'); background-repeat: repeat-x; background-position: left bottom; cursor: default; font-family: 'Open Sans', Helvetica, Arial, sans-serif; font-size: 16px; font-style: normal; font-variant-ligatures: normal; font-variant-caps: normal; font-weight: 300; letter-spacing: normal; orphans: 2; text-align: start; text-indent: 0px; text-transform: none; white-space: normal; widows: 2; word-spacing: 0px; -webkit-text-stroke-width: 0px;\">i \/ o<\/span>\u00a0degluci\u00f3. S\u00f3n plats que s&#8217;allunyen dels pur\u00e9s tradicionals que poden resultar mon\u00f2tons i en qu\u00e8 es treballen en aliments que resulten m\u00e9s atractius a la vista i al paladar, mantenint en tot moment els seus nutrients.<\/span><\/p>\n<p><span style=\"color: #333333;\">Aquest sistema afavoreix la gana i l&#8217;\u00e0nim, reduint els problemes de desnutrici\u00f3.<\/span>[\/vc_hoverbox][vc_empty_space height=&#8221;60px&#8221;][\/vc_column][\/vc_row][vc_row css_animation=&#8221;element_from_bottom&#8221; row_type=&#8221;row&#8221; use_row_as_full_screen_section=&#8221;no&#8221; type=&#8221;grid&#8221; angled_section=&#8221;no&#8221; text_align=&#8221;center&#8221; background_image_as_pattern=&#8221;without_pattern&#8221; z_index=&#8221;&#8221; css=&#8221;.vc_custom_1633084794432{background-color: #58595b !important;}&#8221;][vc_column width=&#8221;1\/3&#8243;][vc_empty_space height=&#8221;60px&#8221;][vc_single_image image=&#8221;2098&#8243; img_size=&#8221;333&#215;333&#8243; alignment=&#8221;center&#8221; qode_css_animation=&#8221;&#8221; qode_hover_animation=&#8221;zoom_in&#8221;][vc_empty_space height=&#8221;60px&#8221;][\/vc_column][vc_column width=&#8221;1\/3&#8243;][vc_empty_space height=&#8221;60px&#8221;][vc_single_image image=&#8221;2059&#8243; img_size=&#8221;333&#215;333&#8243; alignment=&#8221;center&#8221; qode_css_animation=&#8221;&#8221; qode_hover_animation=&#8221;zoom_in&#8221;][vc_empty_space height=&#8221;60px&#8221;][\/vc_column][vc_column width=&#8221;1\/3&#8243;][vc_empty_space height=&#8221;60px&#8221;][vc_single_image image=&#8221;1886&#8243; img_size=&#8221;333&#215;333&#8243; alignment=&#8221;center&#8221; qode_css_animation=&#8221;&#8221; qode_hover_animation=&#8221;zoom_in&#8221;][vc_empty_space height=&#8221;60px&#8221;][\/vc_column][\/vc_row][vc_row css_animation=&#8221;element_from_bottom&#8221; row_type=&#8221;row&#8221; use_row_as_full_screen_section=&#8221;no&#8221; type=&#8221;grid&#8221; angled_section=&#8221;no&#8221; text_align=&#8221;center&#8221; background_image_as_pattern=&#8221;without_pattern&#8221; z_index=&#8221;&#8221; css=&#8221;.vc_custom_1633084802713{background-color: #58595b !important;}&#8221;][vc_column][vc_empty_space height=&#8221;60px&#8221;][vc_hoverbox image=&#8221;1962&#8243; primary_title=&#8221;Zones comunes&#8221; primary_title_font_container=&#8221;color:%23000000&#8243; hover_title=&#8221;&#8221; shape=&#8221;square&#8221; hover_background_color=&#8221;custom&#8221; el_width=&#8221;80&#8243; hover_custom_background=&#8221;#ffffff&#8221;]<span style=\"color: #333333;\">El menjador i sal\u00f3 de la Resid\u00e8ncia <strong><span style=\"color: #006799;\">La Torreta<\/span> <span style=\"color: #8fd179;\">de Piera<\/span><\/strong> <span class=\"hiddenGrammarError\">est\u00e0<\/span>\u00a0dissenyat per gaudir del m\u00e0xim confort i tranquil\u00b7litat. Posem a disposici\u00f3 dels nostres espais amplis i lluminosos, aix\u00ed com els sof\u00e0s m\u00e9s c\u00f2modes i modulars possibles. A m\u00e9s, els espais estan dissenyats per tenir una llum natural que banyi de sol cada cantonada, mantenint una temperatura ambient ideal.<\/span>[\/vc_hoverbox][vc_empty_space height=&#8221;60px&#8221;][\/vc_column][\/vc_row][vc_row css_animation=&#8221;element_from_bottom&#8221; row_type=&#8221;row&#8221; use_row_as_full_screen_section=&#8221;no&#8221; type=&#8221;grid&#8221; angled_section=&#8221;no&#8221; text_align=&#8221;center&#8221; background_image_as_pattern=&#8221;without_pattern&#8221; z_index=&#8221;&#8221; css=&#8221;.vc_custom_1633084811859{background-color: #58595b !important;}&#8221;][vc_column width=&#8221;1\/3&#8243;][vc_empty_space height=&#8221;60px&#8221;][vc_single_image image=&#8221;1881&#8243; img_size=&#8221;333&#215;333&#8243; alignment=&#8221;center&#8221; qode_css_animation=&#8221;&#8221; qode_hover_animation=&#8221;zoom_in&#8221;][vc_empty_space height=&#8221;60px&#8221;][\/vc_column][vc_column width=&#8221;1\/3&#8243;][vc_empty_space height=&#8221;60px&#8221;][vc_single_image image=&#8221;1880&#8243; img_size=&#8221;333&#215;333&#8243; alignment=&#8221;center&#8221; qode_css_animation=&#8221;&#8221; qode_hover_animation=&#8221;zoom_in&#8221;][vc_empty_space height=&#8221;60px&#8221;][\/vc_column][vc_column width=&#8221;1\/3&#8243;][vc_empty_space height=&#8221;60px&#8221;][vc_single_image image=&#8221;2247&#8243; img_size=&#8221;333&#215;333&#8243; alignment=&#8221;center&#8221; qode_css_animation=&#8221;&#8221; qode_hover_animation=&#8221;zoom_in&#8221;][vc_empty_space height=&#8221;60px&#8221;][\/vc_column][\/vc_row][vc_row css_animation=&#8221;element_from_bottom&#8221; row_type=&#8221;row&#8221; use_row_as_full_screen_section=&#8221;no&#8221; type=&#8221;grid&#8221; angled_section=&#8221;no&#8221; text_align=&#8221;center&#8221; background_image_as_pattern=&#8221;without_pattern&#8221; z_index=&#8221;&#8221; css=&#8221;.vc_custom_1633084822321{background-color: #58595b !important;}&#8221;][vc_column][vc_empty_space height=&#8221;60px&#8221;][vc_hoverbox image=&#8221;1879&#8243; primary_title=&#8221;Centre de dia&#8221; primary_title_font_container=&#8221;color:%23000000&#8243; hover_title=&#8221;&#8221; shape=&#8221;square&#8221; hover_background_color=&#8221;custom&#8221; el_width=&#8221;80&#8243; hover_custom_background=&#8221;#ffffff&#8221;]<span style=\"color: #333333;\">Els m\u00e9s grans que gaudeixen del Centre de Dia, tenen la possibilitat de realitzar tallers de mem\u00f2ria i d&#8217;estimulaci\u00f3 cognitiva, aix\u00ed com gaudir de la nostra cuina pr\u00f2pia i mantenir-se actius i acompanyats.<\/span>[\/vc_hoverbox][vc_empty_space height=&#8221;60px&#8221;][\/vc_column][\/vc_row][vc_row css_animation=&#8221;element_from_bottom&#8221; row_type=&#8221;row&#8221; use_row_as_full_screen_section=&#8221;no&#8221; type=&#8221;grid&#8221; angled_section=&#8221;no&#8221; text_align=&#8221;center&#8221; background_image_as_pattern=&#8221;without_pattern&#8221; z_index=&#8221;&#8221; css=&#8221;.vc_custom_1633084832007{background-color: #58595b !important;}&#8221;][vc_column width=&#8221;1\/3&#8243;][vc_empty_space height=&#8221;60px&#8221;][vc_single_image image=&#8221;1885&#8243; img_size=&#8221;333&#215;333&#8243; alignment=&#8221;center&#8221; qode_css_animation=&#8221;&#8221; qode_hover_animation=&#8221;zoom_in&#8221;][vc_empty_space height=&#8221;60px&#8221;][\/vc_column][vc_column width=&#8221;1\/3&#8243;][vc_empty_space height=&#8221;60px&#8221;][vc_single_image image=&#8221;1883&#8243; img_size=&#8221;333&#215;333&#8243; alignment=&#8221;center&#8221; qode_css_animation=&#8221;&#8221; qode_hover_animation=&#8221;zoom_in&#8221;][vc_empty_space height=&#8221;60px&#8221;][\/vc_column][vc_column width=&#8221;1\/3&#8243;][vc_empty_space height=&#8221;60px&#8221;][vc_single_image image=&#8221;2239&#8243; img_size=&#8221;333&#215;333&#8243; alignment=&#8221;center&#8221; qode_css_animation=&#8221;&#8221; qode_hover_animation=&#8221;zoom_in&#8221;][vc_empty_space height=&#8221;60px&#8221;][\/vc_column][\/vc_row][vc_row css_animation=&#8221;&#8221; row_type=&#8221;row&#8221; use_row_as_full_screen_section=&#8221;no&#8221; type=&#8221;full_width&#8221; angled_section=&#8221;no&#8221; text_align=&#8221;center&#8221; background_image_as_pattern=&#8221;without_pattern&#8221; z_index=&#8221;&#8221; css=&#8221;.vc_custom_1633084841029{background-color: #58595b !important;}&#8221;][vc_column][vc_empty_space]<a  itemprop=\"url\" href=\"https:\/\/piera.residenciaslatorreta.com\/servicios\/\" target=\"_self\" data-hover-background-color='#628dc3' data-hover-border-color='#628dc3' data-hover-color='#ffffff' class=\"qbutton  default\" style=\"border-color: #006799; background-color: #006799;\">Vere serveis<span aria-hidden=\"true\" class=\"qode_icon_font_elegant arrow_carrot-2right qode_button_icon_element\" style=\"\" ><\/span><\/a>[vc_empty_space height=&#8221;60px&#8221;][\/vc_column][\/vc_row]<\/p>\n<\/div>","protected":false},"excerpt":{"rendered":"<p>[vc_row css_animation=&#8221;element_from_bottom&#8221; row_type=&#8221;row&#8221; use_row_as_full_screen_section=&#8221;no&#8221; type=&#8221;grid&#8221; angled_section=&#8221;no&#8221; text_align=&#8221;left&#8221; background_image_as_pattern=&#8221;without_pattern&#8221; z_index=&#8221;&#8221; css=&#8221;.vc_custom_1633510242366{background-color: #58595b !important;}&#8221;][vc_column][vc_empty_space height=&#8221;50&#8243;][vc_column_text] Instal\u00b7lacions [\/vc_column_text][vc_empty_space height=&#8221;50px&#8221;][\/vc_column][\/vc_row][vc_row css_animation=&#8221;&#8221; row_type=&#8221;row&#8221; use_row_as_full_screen_section=&#8221;no&#8221; type=&#8221;full_width&#8221; angled_section=&#8221;no&#8221; text_align=&#8221;left&#8221; background_image_as_pattern=&#8221;without_pattern&#8221;][vc_column][vc_empty_space height=&#8221;50&#8243;][\/vc_column][\/vc_row][vc_row css_animation=&#8221;&#8221; row_type=&#8221;row&#8221; use_row_as_full_screen_section=&#8221;no&#8221; type=&#8221;grid&#8221; angled_section=&#8221;no&#8221; text_align=&#8221;left&#8221; background_image_as_pattern=&#8221;without_pattern&#8221; z_index=&#8221;&#8221;][vc_column width=&#8221;1\/2&#8243;][vc_single_image image=&#8221;1975&#8243; img_size=&#8221;530&#215;290&#8243; qode_css_animation=&#8221;&#8221; qode_hover_animation=&#8221;bottom_title&#8221;][vc_empty_space height=&#8221;10px&#8221;][vc_single_image image=&#8221;1977&#8243; img_size=&#8221;530&#215;290&#8243; qode_css_animation=&#8221;&#8221; qode_hover_animation=&#8221;bottom_title&#8221;][vc_empty_space height=&#8221;10px&#8221;][\/vc_column][vc_column width=&#8221;1\/2&#8243;][vc_single_image image=&#8221;1979&#8243;&#8230;<\/p>\n","protected":false},"author":2,"featured_media":0,"parent":0,"menu_order":0,"comment_status":"closed","ping_status":"closed","template":"full_width.php","meta":{"footnotes":""},"yst_prominent_words":[],"class_list":["post-1810","page","type-page","status-publish","hentry"],"_links":{"self":[{"href":"https:\/\/piera.residenciaslatorreta.com\/ca\/wp-json\/wp\/v2\/pages\/1810","targetHints":{"allow":["GET"]}}],"collection":[{"href":"https:\/\/piera.residenciaslatorreta.com\/ca\/wp-json\/wp\/v2\/pages"}],"about":[{"href":"https:\/\/piera.residenciaslatorreta.com\/ca\/wp-json\/wp\/v2\/types\/page"}],"author":[{"embeddable":true,"href":"https:\/\/piera.residenciaslatorreta.com\/ca\/wp-json\/wp\/v2\/users\/2"}],"replies":[{"embeddable":true,"href":"https:\/\/piera.residenciaslatorreta.com\/ca\/wp-json\/wp\/v2\/comments?post=1810"}],"version-history":[{"count":13,"href":"https:\/\/piera.residenciaslatorreta.com\/ca\/wp-json\/wp\/v2\/pages\/1810\/revisions"}],"predecessor-version":[{"id":2250,"href":"https:\/\/piera.residenciaslatorreta.com\/ca\/wp-json\/wp\/v2\/pages\/1810\/revisions\/2250"}],"wp:attachment":[{"href":"https:\/\/piera.residenciaslatorreta.com\/ca\/wp-json\/wp\/v2\/media?parent=1810"}],"wp:term":[{"taxonomy":"yst_prominent_words","embeddable":true,"href":"https:\/\/piera.residenciaslatorreta.com\/ca\/wp-json\/wp\/v2\/yst_prominent_words?post=1810"}],"curies":[{"name":"wp","href":"https:\/\/api.w.org\/{rel}","templated":true}]}}